{"id":4496,"date":"2024-05-23T11:31:39","date_gmt":"2024-05-23T08:31:39","guid":{"rendered":"https:\/\/timomustamaki.fi\/valaisinhuolto\/"},"modified":"2024-09-16T07:47:44","modified_gmt":"2024-09-16T04:47:44","slug":"belysningsservice","status":"publish","type":"page","link":"https:\/\/timomustamaki.fi\/sv\/belysningsservice\/","title":{"rendered":"Belysningsservice"},"content":{"rendered":"\r\n\r\n<section class=\"hero site-banner banner-bg-image section-image-only  alignfull image\">\r\n\r\n    <div class=\"site-banner-bg section-bg-image ob-position\" style=\"object-position: 50% 60%\" >\r\n\r\n        <img loading=\"lazy\" decoding=\"async\" width=\"2560\" height=\"1707\" src=\"https:\/\/timomustamaki.fi\/wp-content\/uploads\/2024\/05\/valaisinhuolto-timo-mustamaki-scaled.jpg\" class=\"attachment-1536\u00d71536 size-1536\u00d71536\" alt=\"\" srcset=\"https:\/\/timomustamaki.fi\/wp-content\/uploads\/2024\/05\/valaisinhuolto-timo-mustamaki-scaled.jpg 2560w, https:\/\/timomustamaki.fi\/wp-content\/uploads\/2024\/05\/valaisinhuolto-timo-mustamaki-300x200.jpg 300w, https:\/\/timomustamaki.fi\/wp-content\/uploads\/2024\/05\/valaisinhuolto-timo-mustamaki-1024x683.jpg 1024w, https:\/\/timomustamaki.fi\/wp-content\/uploads\/2024\/05\/valaisinhuolto-timo-mustamaki-768x512.jpg 768w, https:\/\/timomustamaki.fi\/wp-content\/uploads\/2024\/05\/valaisinhuolto-timo-mustamaki-1536x1024.jpg 1536w, https:\/\/timomustamaki.fi\/wp-content\/uploads\/2024\/05\/valaisinhuolto-timo-mustamaki-2048x1366.jpg 2048w\" sizes=\"auto, (max-width: 2560px) 100vw, 2560px\" \/>\r\n        \r\n        <\/section>\n\n\n<div class=\"wp-block-group alignfull has-black-background-color has-background\"><div class=\"wp-block-group__inner-container is-layout-constrained wp-block-group-is-layout-constrained\">\n<h1 class=\"wp-block-heading has-text-align-center has-yellow-color has-text-color has-link-color wp-elements-fe3742e2e3d15c955736cf3b3bf970f6\">Belysningsservice<\/h1>\n\n\n\n<p class=\"has-text-align-center\">Det \u00e4r dags att underh\u00e5lla en armatur som t.ex. \u00e4r sned eller d\u00e5 det lossnar delar fr\u00e5n den. Det l\u00f6nar sig att t\u00e4nka praktiskt d\u00e5 en armatur skall repareras. Man hittar nyproducerade delar i l\u00e4mplig stil och speciellt i elektrifieringen skall man anv\u00e4nda nya ledningar och avbrytare. I dag installerar vi LED-\u00ad\u2010lampor i h\u00e4lften av alla armaturer vi renoverar. Det \u00e4r bra att f\u00f6rnya elektrifieringen med 20-\u00ad\u201030 \u00e5rs mellanrum, den b\u00f6r absolut f\u00f6rnyas om den \u00e4r 50 \u00e5r eller \u00e4ldre.<\/p>\n<\/div><\/div>\n\n\n\n<div class=\"wp-block-group alignfull has-black-background-color has-background\"><div class=\"wp-block-group__inner-container is-layout-constrained wp-block-group-is-layout-constrained\"><div class=\"image-and-text wp-block is-style-image-text-border has-media-on-the-left\">\r\n<div class=\"row\">\r\n    <div class=\"col-12 col-md-6 image-col\">\r\n\r\n        <img loading=\"lazy\" decoding=\"async\" width=\"800\" height=\"477\" src=\"https:\/\/timomustamaki.fi\/wp-content\/uploads\/2024\/05\/valaisinhuolto-2-timo-mustamaki-scaled-e1716968450193-1024x611.jpg\" class=\"attachment-large size-large\" alt=\"\" srcset=\"https:\/\/timomustamaki.fi\/wp-content\/uploads\/2024\/05\/valaisinhuolto-2-timo-mustamaki-scaled-e1716968450193-1024x611.jpg 1024w, https:\/\/timomustamaki.fi\/wp-content\/uploads\/2024\/05\/valaisinhuolto-2-timo-mustamaki-scaled-e1716968450193-300x179.jpg 300w, https:\/\/timomustamaki.fi\/wp-content\/uploads\/2024\/05\/valaisinhuolto-2-timo-mustamaki-scaled-e1716968450193-768x458.jpg 768w, https:\/\/timomustamaki.fi\/wp-content\/uploads\/2024\/05\/valaisinhuolto-2-timo-mustamaki-scaled-e1716968450193-1536x916.jpg 1536w, https:\/\/timomustamaki.fi\/wp-content\/uploads\/2024\/05\/valaisinhuolto-2-timo-mustamaki-scaled-e1716968450193-2048x1222.jpg 2048w\" sizes=\"auto, (max-width: 800px) 100vw, 800px\" \/>    <\/div>\r\n\r\n    <div class=\"col-12 col-md-6 text-col\"><div class=\"acf-innerblocks-container\">\n\n<p>Elledningen \u00e4r inte en del av armaturens design och kan d\u00e4rf\u00f6r lugnt bytas till en modern och trygg produkt.<\/p>\n\n\n\n<p>Armaturer som \u00e4r n\u00e4rmare 100 \u00e5r gamla har troligen redan genomg\u00e5tt en reparation och dess autenticitet kan d\u00e4rf\u00f6r inte garanteras.<\/p>\n\n\n\n<p>Vi har ocks\u00e5 renoverat kr\u00e4vande fall, t.ex. en kristallkrona som blivit skadad i en eldsv\u00e5da. Efter en noggrann reng\u00f6ring fick kristallkronan igen sin forna lyster. Bara en noggrann reng\u00f6ring kan bl\u00e5sa nytt liv i en gammal och patinerad armatur. Speciellt f\u00f6rgyllda stommar skall str\u00e5la ikapp med kristallerna, i ett s\u00e5dant fall \u00e4r en patinering inte till f\u00f6rdel.<\/p>\n\n\n\n<p>Vi ger g\u00e4rna r\u00e5d d\u00e5 det g\u00e4ller underh\u00e5ll av armaturer. Fr\u00e5ga oss innan du g\u00f6r n\u00e5got. Vi har l\u00e5ng erfarenhet av renovering och underh\u00e5ll av lampor och armaturer. <a href=\"http:\/\/contact\" title=\"Fr\u00e5ga oss\">Fr\u00e5ga oss<\/a>!<\/p>\n\n\n\n<div class=\"wp-block-button\"><a class=\"wp-block-button__link wp-element-button\" href=\"https:\/\/timomustamaki.fi\/sv\/kontakt\/\">Kontakta oss<\/a><\/div>\n\n<\/div>\r\n<\/div>\r\n<\/div>\r\n<\/div><\/div><\/div>\n","protected":false},"excerpt":{"rendered":"<p>Belysningsservice Det \u00e4r dags att underh\u00e5lla en armatur som t.ex. \u00e4r sned eller d\u00e5 det lossnar delar fr\u00e5n den. Det l\u00f6nar sig att t\u00e4nka praktiskt d\u00e5 en armatur skall repareras. Man hittar nyproducerade delar i l\u00e4mplig stil och speciellt i elektrifieringen skall man anv\u00e4nda nya ledningar och avbrytare. I dag installerar vi LED-\u00ad\u2010lampor i h\u00e4lften [&hellip;]<\/p>\n","protected":false},"author":1,"featured_media":0,"parent":0,"menu_order":2,"comment_status":"closed","ping_status":"closed","template":"","meta":{"_acf_changed":false,"footnotes":""},"class_list":["post-4496","page","type-page","status-publish","hentry"],"acf":[],"aioseo_notices":[],"_links":{"self":[{"href":"https:\/\/timomustamaki.fi\/sv\/wp-json\/wp\/v2\/pages\/4496","targetHints":{"allow":["GET"]}}],"collection":[{"href":"https:\/\/timomustamaki.fi\/sv\/wp-json\/wp\/v2\/pages"}],"about":[{"href":"https:\/\/timomustamaki.fi\/sv\/wp-json\/wp\/v2\/types\/page"}],"author":[{"embeddable":true,"href":"https:\/\/timomustamaki.fi\/sv\/wp-json\/wp\/v2\/users\/1"}],"replies":[{"embeddable":true,"href":"https:\/\/timomustamaki.fi\/sv\/wp-json\/wp\/v2\/comments?post=4496"}],"version-history":[{"count":0,"href":"https:\/\/timomustamaki.fi\/sv\/wp-json\/wp\/v2\/pages\/4496\/revisions"}],"wp:attachment":[{"href":"https:\/\/timomustamaki.fi\/sv\/wp-json\/wp\/v2\/media?parent=4496"}],"curies":[{"name":"wp","href":"https:\/\/api.w.org\/{rel}","templated":true}]}}